{"id":50,"date":"2019-09-30T01:51:55","date_gmt":"2019-09-29T23:51:55","guid":{"rendered":"http:\/\/rectificadosevilla.es\/?page_id=50"},"modified":"2019-12-23T12:57:13","modified_gmt":"2019-12-23T11:57:13","slug":"quienes-somos","status":"publish","type":"page","link":"https:\/\/rectificadosevilla.es\/index.php\/quienes-somos\/","title":{"rendered":"Sobre nosotros"},"content":{"rendered":"\n<blockquote class=\"wp-block-quote\"><p>A\u00f1os de experiencia nos han convertido en lo que somos, un referente en el rectificado de motores.<\/p><\/blockquote>\n\n\n\n<p>Estimado profesional\/cliente, Yo, Iv\u00e1n L\u00f3pez Cabrera, escribo estas palabras en nombre de mi equipo de trabajo y en el m\u00edo propio, los cuales conformamos la empresa ICAR RECTIFICADOS SEVILLA, y nos ponernos en contacto con usted para ofrecerle nuestros servicios en lo relacionado con el mundo del rectificado y la reconstrucci\u00f3n del motor en general. Este equipo de trabajo lo componen profesionales, con un bagaje de no menos de veinte a\u00f1os, formados en la empresa MANUEL SUTIL RECTIFICADOS, S.L. y sus anteriores proyectos como RECTIFICADOS SEVILLA, S.L., cuyo nombre retomamos, tiempo despu\u00e9s, como marca comercial.  Esta nueva e ilusionante etapa nos pone en liza a retos que parten de nuestra propia exigencia profesional donde, pensamos, queda mucho por hacer.\u00a0Deseamos y esperamos seguir contando con su confianza por muchos a\u00f1os m\u00e1s y no dude que seguiremos trabajando duro para hacerlo.<\/p>\n","protected":false},"excerpt":{"rendered":"<p>A\u00f1os de experiencia nos han convertido en lo que somos, un referente [&hellip;]<\/p>\n","protected":false},"author":1,"featured_media":0,"parent":0,"menu_order":0,"comment_status":"closed","ping_status":"closed","template":"","meta":{"footnotes":""},"_links":{"self":[{"href":"https:\/\/rectificadosevilla.es\/index.php\/wp-json\/wp\/v2\/pages\/50"}],"collection":[{"href":"https:\/\/rectificadosevilla.es\/index.php\/wp-json\/wp\/v2\/pages"}],"about":[{"href":"https:\/\/rectificadosevilla.es\/index.php\/wp-json\/wp\/v2\/types\/page"}],"author":[{"embeddable":true,"href":"https:\/\/rectificadosevilla.es\/index.php\/wp-json\/wp\/v2\/users\/1"}],"replies":[{"embeddable":true,"href":"https:\/\/rectificadosevilla.es\/index.php\/wp-json\/wp\/v2\/comments?post=50"}],"version-history":[{"count":5,"href":"https:\/\/rectificadosevilla.es\/index.php\/wp-json\/wp\/v2\/pages\/50\/revisions"}],"predecessor-version":[{"id":88,"href":"https:\/\/rectificadosevilla.es\/index.php\/wp-json\/wp\/v2\/pages\/50\/revisions\/88"}],"wp:attachment":[{"href":"https:\/\/rectificadosevilla.es\/index.php\/wp-json\/wp\/v2\/media?parent=50"}],"curies":[{"name":"wp","href":"https:\/\/api.w.org\/{rel}","templated":true}]}}